{"id":32588,"date":"2025-06-20T18:13:15","date_gmt":"2025-06-20T16:13:15","guid":{"rendered":"https:\/\/www.narlot.com\/?page_id=32588"},"modified":"2025-07-03T12:42:21","modified_gmt":"2025-07-03T10:42:21","slug":"politique-de-confidentialite-2","status":"publish","type":"page","link":"https:\/\/www.narlot.com\/index.php\/politique-de-confidentialite-2\/","title":{"rendered":"Politique de confidentialit\u00e9"},"content":{"rendered":"\t\t<div data-elementor-type=\"wp-page\" data-elementor-id=\"32588\" class=\"elementor elementor-32588\" data-elementor-post-type=\"page\">\n\t\t\t\t\t\t<section class=\"elementor-section elementor-top-section elementor-element elementor-element-3fc991ba elementor-section-content-middle elementor-section-boxed elementor-section-height-default elementor-section-height-default\" data-id=\"3fc991ba\" data-element_type=\"section\">\n\t\t\t\t\t\t<div class=\"elementor-container elementor-column-gap-no\">\n\t\t\t\t\t<div class=\"elementor-column elementor-col-100 elementor-top-column elementor-element elementor-element-76d13314\" data-id=\"76d13314\" data-element_type=\"column\">\n\t\t\t<div class=\"elementor-widget-wrap elementor-element-populated\">\n\t\t\t\t\t\t<section class=\"elementor-section elementor-inner-section elementor-element elementor-element-3e1e3b28 elementor-section-content-middle elementor-section-boxed elementor-section-height-default elementor-section-height-default\" data-id=\"3e1e3b28\" data-element_type=\"section\">\n\t\t\t\t\t\t<div class=\"elementor-container elementor-column-gap-no\">\n\t\t\t\t\t<div class=\"elementor-column elementor-col-100 elementor-inner-column elementor-element elementor-element-6519d6ed\" data-id=\"6519d6ed\" data-element_type=\"column\">\n\t\t\t<div class=\"elementor-widget-wrap elementor-element-populated\">\n\t\t\t\t\t\t<div class=\"elementor-element elementor-element-6cef60cc elementor-widget elementor-widget-text-editor\" data-id=\"6cef60cc\" data-element_type=\"widget\" data-widget_type=\"text-editor.default\">\n\t\t\t\t<div class=\"elementor-widget-container\">\n\t\t\t\t\t\t\t\t\t<p>L\u2019adresse de notre site est\u00a0: https:\/\/www.narlot.com<\/p><h2 class=\"wp-block-heading\">Commentaires<\/h2><p>Quand vous laissez un commentaire sur notre site, les donn\u00e9es inscrites dans le formulaire de commentaire, mais aussi votre adresse IP et l\u2019agent utilisateur de votre navigateur sont collect\u00e9s pour nous aider \u00e0 la d\u00e9tection des commentaires ind\u00e9sirables.<\/p><p>Une cha\u00eene anonymis\u00e9e cr\u00e9\u00e9e \u00e0 partir de votre adresse e-mail (\u00e9galement appel\u00e9e hash) peut \u00eatre envoy\u00e9e au service Gravatar pour v\u00e9rifier si vous utilisez ce dernier. Les clauses de confidentialit\u00e9 du service Gravatar sont disponibles ici\u00a0: https:\/\/automattic.com\/privacy\/. Apr\u00e8s validation de votre commentaire, votre photo de profil sera visible publiquement \u00e0 cot\u00e9 de votre commentaire.<\/p><h2 class=\"wp-block-heading\">M\u00e9dias<\/h2><p>Si vous t\u00e9l\u00e9versez des images sur le site, nous vous conseillons d\u2019\u00e9viter de t\u00e9l\u00e9verser des images contenant des donn\u00e9es EXIF de coordonn\u00e9es GPS. Les personnes visitant votre site peuvent t\u00e9l\u00e9charger et extraire des donn\u00e9es de localisation depuis ces images.<\/p><h2 class=\"wp-block-heading\">Cookies<\/h2><p>Si vous d\u00e9posez un commentaire sur notre site, il vous sera propos\u00e9 d\u2019enregistrer votre nom, adresse e-mail et site dans des cookies. C\u2019est uniquement pour votre confort afin de ne pas avoir \u00e0 saisir ces informations si vous d\u00e9posez un autre commentaire plus tard. Ces cookies expirent au bout d\u2019un an.<\/p><p>Si vous vous rendez sur la page de connexion, un cookie temporaire sera cr\u00e9\u00e9 afin de d\u00e9terminer si votre navigateur accepte les cookies. Il ne contient pas de donn\u00e9es personnelles et sera supprim\u00e9 automatiquement \u00e0 la fermeture de votre navigateur.<\/p><p>Lorsque vous vous connecterez, nous mettrons en place un certain nombre de cookies pour enregistrer vos informations de connexion et vos pr\u00e9f\u00e9rences d\u2019\u00e9cran. La dur\u00e9e de vie d\u2019un cookie de connexion est de deux jours, celle d\u2019un cookie d\u2019option d\u2019\u00e9cran est d\u2019un an. Si vous cochez \u00ab\u00a0Se souvenir de moi\u00a0\u00bb, votre cookie de connexion sera conserv\u00e9 pendant deux semaines. Si vous vous d\u00e9connectez de votre compte, le cookie de connexion sera effac\u00e9.<\/p><p>En modifiant ou en publiant une publication, un cookie suppl\u00e9mentaire sera enregistr\u00e9 dans votre navigateur. Ce cookie ne comprend aucune donn\u00e9e personnelle. Il indique simplement l\u2019ID de la publication que vous venez de modifier. Il expire au bout d\u2019un jour.<\/p><h2 class=\"wp-block-heading\">Contenu embarqu\u00e9 depuis d\u2019autres sites<\/h2><p>Les articles de ce site peuvent inclure des contenus int\u00e9gr\u00e9s (par exemple des vid\u00e9os, images, articles\u2026). Le contenu int\u00e9gr\u00e9 depuis d\u2019autres sites se comporte de la m\u00eame mani\u00e8re que si le visiteur se rendait sur cet autre site.<\/p><p>Ces sites web pourraient collecter des donn\u00e9es sur vous, utiliser des cookies, embarquer des outils de suivis tiers, suivre vos interactions avec ces contenus embarqu\u00e9s si vous disposez d\u2019un compte connect\u00e9 sur leur site web.<\/p><h2 class=\"wp-block-heading\">Utilisation et transmission de vos donn\u00e9es personnelles<\/h2><p>Si vous demandez une r\u00e9initialisation de votre mot de passe, votre adresse IP sera incluse dans l\u2019e-mail de r\u00e9initialisation.<\/p><h2 class=\"wp-block-heading\">Dur\u00e9es de stockage de vos donn\u00e9es<\/h2><p>Si vous laissez un commentaire, le commentaire et ses m\u00e9tadonn\u00e9es sont conserv\u00e9s ind\u00e9finiment. Cela permet de reconna\u00eetre et approuver automatiquement les commentaires suivants au lieu de les laisser dans la file de mod\u00e9ration.<\/p><p>Pour les comptes qui s\u2019inscrivent sur notre site (le cas \u00e9ch\u00e9ant), nous stockons \u00e9galement les donn\u00e9es personnelles indiqu\u00e9es dans leur profil. Tous les comptes peuvent voir, modifier ou supprimer leurs informations personnelles \u00e0 tout moment (\u00e0 l\u2019exception de leur identifiant). Les gestionnaires du site peuvent aussi voir et modifier ces informations.<\/p><h2 class=\"wp-block-heading\">Les droits que vous avez sur vos donn\u00e9es<\/h2><p>Si vous avez un compte ou si vous avez laiss\u00e9 des commentaires sur le site, vous pouvez demander \u00e0 recevoir un fichier contenant toutes les donn\u00e9es personnelles que nous poss\u00e9dons \u00e0 votre sujet, incluant celles que vous nous avez fournies. Vous pouvez \u00e9galement demander la suppression des donn\u00e9es personnelles vous concernant. Cela ne prend pas en compte les donn\u00e9es stock\u00e9es \u00e0 des fins administratives, l\u00e9gales ou pour des raisons de s\u00e9curit\u00e9.<\/p><h2 class=\"wp-block-heading\">Transmission de vos donn\u00e9es personnelles<\/h2><p>Les commentaires des visiteurs peuvent \u00eatre v\u00e9rifi\u00e9s \u00e0 l\u2019aide d\u2019un service automatis\u00e9 de d\u00e9tection des commentaires ind\u00e9sirables.<\/p><p>Nous prenons tr\u00e8s au s\u00e9rieux la confidentialit\u00e9 de nos visiteurs et de nos clients. Cette politique de confidentialit\u00e9 d\u00e9crit comment nous recueillons, utilisons et partageons les informations que vous nous fournissez lorsque vous visitez notre site web.<\/p><h2 class=\"wp-block-heading\">Collecte d\u2019informations<\/h2><p>Nous pouvons collecter des informations vous concernant lorsque vous visitez notre site web, par exemple, lorsque vous vous inscrivez \u00e0 notre newsletter, que vous remplissez un formulaire de contact ou que vous effectuez un achat. Les informations que nous recueillons peuvent inclure votre nom, votre adresse e-mail, votre adresse postale et votre num\u00e9ro de t\u00e9l\u00e9phone.<\/p><p>Utilisation des informations<\/p><p>Nous utilisons les informations que vous nous fournissez pour vous fournir les produits et services que vous avez demand\u00e9s, pour r\u00e9pondre \u00e0 vos demandes de renseignements et pour vous envoyer des informations sur nos produits et services. Nous pouvons \u00e9galement utiliser les informations pour am\u00e9liorer notre site web et nos offres de produits et services.<\/p><h2 class=\"wp-block-heading\">Partage des informations<\/h2><p>Nous ne vendons pas, ne louons pas et ne partageons pas vos informations personnelles avec des tiers, sauf si cela est n\u00e9cessaire pour fournir les produits ou services que vous avez demand\u00e9s ou si la loi nous y oblige.<\/p><h2 class=\"wp-block-heading\">S\u00e9curit\u00e9 des informations<\/h2><p>Nous prenons des mesures de s\u00e9curit\u00e9 pour prot\u00e9ger les informations que vous nous fournissez contre la perte, l\u2019utilisation abusive et l\u2019acc\u00e8s non autoris\u00e9. Nous ne conservons pas vos informations plus longtemps que n\u00e9cessaire pour fournir les produits ou services que vous avez demand\u00e9s ou pour nous conformer \u00e0 la loi.<\/p><h2 class=\"wp-block-heading\">Vos choix<\/h2><p>Si vous ne souhaitez plus recevoir de communications de notre part, vous pouvez vous d\u00e9sabonner en utilisant le lien de d\u00e9sinscription fourni dans chaque e-mail que nous vous envoyons. Vous pouvez \u00e9galement nous contacter pour demander la suppression de vos informations personnelles de notre base de donn\u00e9es.<\/p><h2 class=\"wp-block-heading\">Modifications de la politique de confidentialit\u00e9<\/h2><p>Nous pouvons modifier cette politique de confidentialit\u00e9 de temps \u00e0 autre en publiant une nouvelle version sur notre site web. Nous vous encourageons \u00e0 consulter r\u00e9guli\u00e8rement cette page pour prendre connaissance des \u00e9ventuelles modifications.<\/p><h2 class=\"wp-block-heading\">Nous contacter<\/h2><p>Si vous avez des questions concernant notre politique de confidentialit\u00e9, vous pouvez nous contacter en utilisant les coordonn\u00e9es fournies sur notre site we<\/p>\t\t\t\t\t\t\t\t<\/div>\n\t\t\t\t<\/div>\n\t\t\t\t<div class=\"elementor-element elementor-element-4c281ffe elementor-widget elementor-widget-heading\" data-id=\"4c281ffe\" data-element_type=\"widget\" data-widget_type=\"heading.default\">\n\t\t\t\t<div class=\"elementor-widget-container\">\n\t\t\t\t\t<h4 class=\"elementor-heading-title elementor-size-default\">Qui sommes-nous ?\n\n<\/h4>\t\t\t\t<\/div>\n\t\t\t\t<\/div>\n\t\t\t\t\t<\/div>\n\t\t<\/div>\n\t\t\t\t\t<\/div>\n\t\t<\/section>\n\t\t\t\t\t<\/div>\n\t\t<\/div>\n\t\t\t\t\t<\/div>\n\t\t<\/section>\n\t\t\t\t<\/div>\n\t\t","protected":false},"excerpt":{"rendered":"<p>L\u2019adresse de notre site est\u00a0: https:\/\/www.narlot.com Commentaires Quand vous laissez un commentaire sur notre site, les donn\u00e9es inscrites dans le formulaire de commentaire, mais aussi votre adresse IP et l\u2019agent utilisateur de votre navigateur sont collect\u00e9s pour nous aider \u00e0 la d\u00e9tection des commentaires ind\u00e9sirables. Une cha\u00eene anonymis\u00e9e cr\u00e9\u00e9e \u00e0 partir de votre adresse e-mail&#8230;<\/p>\n","protected":false},"author":1,"featured_media":0,"parent":0,"menu_order":0,"comment_status":"closed","ping_status":"closed","template":"","meta":{"_monsterinsights_skip_tracking":false,"_monsterinsights_sitenote_active":false,"_monsterinsights_sitenote_note":"","_monsterinsights_sitenote_category":0,"_kad_post_transparent":"","_kad_post_title":"hide","_kad_post_layout":"fullwidth","_kad_post_sidebar_id":"","_kad_post_content_style":"unboxed","_kad_post_vertical_padding":"hide","_kad_post_feature":"hide","_kad_post_feature_position":"","_kad_post_header":false,"_kad_post_footer":false,"footnotes":""},"class_list":["post-32588","page","type-page","status-publish","hentry"],"yoast_head":"<!-- This site is optimized with the Yoast SEO Premium plugin v20.5 (Yoast SEO v25.4) - https:\/\/yoast.com\/wordpress\/plugins\/seo\/ -->\n<title>Politique de confidentialit\u00e9 - NARLOT<\/title>\n<meta name=\"robots\" content=\"index, follow, max-snippet:-1, max-image-preview:large, max-video-preview:-1\" \/>\n<link rel=\"canonical\" href=\"https:\/\/www.narlot.com\/index.php\/politique-de-confidentialite-2\/\" \/>\n<meta property=\"og:locale\" content=\"fr_FR\" \/>\n<meta property=\"og:type\" content=\"article\" \/>\n<meta property=\"og:title\" content=\"Politique de confidentialit\u00e9\" \/>\n<meta property=\"og:description\" content=\"L\u2019adresse de notre site est\u00a0: https:\/\/www.narlot.com Commentaires Quand vous laissez un commentaire sur notre site, les donn\u00e9es inscrites dans le formulaire de commentaire, mais aussi votre adresse IP et l\u2019agent utilisateur de votre navigateur sont collect\u00e9s pour nous aider \u00e0 la d\u00e9tection des commentaires ind\u00e9sirables. Une cha\u00eene anonymis\u00e9e cr\u00e9\u00e9e \u00e0 partir de votre adresse e-mail...\" \/>\n<meta property=\"og:url\" content=\"https:\/\/www.narlot.com\/index.php\/politique-de-confidentialite-2\/\" \/>\n<meta property=\"og:site_name\" content=\"NARLOT\" \/>\n<meta property=\"article:modified_time\" content=\"2025-07-03T10:42:21+00:00\" \/>\n<meta name=\"twitter:card\" content=\"summary_large_image\" \/>\n<meta name=\"twitter:label1\" content=\"Dur\u00e9e de lecture estim\u00e9e\" \/>\n\t<meta name=\"twitter:data1\" content=\"6 minutes\" \/>\n<script type=\"application\/ld+json\" class=\"yoast-schema-graph\">{\"@context\":\"https:\/\/schema.org\",\"@graph\":[{\"@type\":\"WebPage\",\"@id\":\"https:\/\/www.narlot.com\/index.php\/politique-de-confidentialite-2\/\",\"url\":\"https:\/\/www.narlot.com\/index.php\/politique-de-confidentialite-2\/\",\"name\":\"Politique de confidentialit\u00e9 - NARLOT\",\"isPartOf\":{\"@id\":\"https:\/\/www.narlot.com\/#website\"},\"datePublished\":\"2025-06-20T16:13:15+00:00\",\"dateModified\":\"2025-07-03T10:42:21+00:00\",\"breadcrumb\":{\"@id\":\"https:\/\/www.narlot.com\/index.php\/politique-de-confidentialite-2\/#breadcrumb\"},\"inLanguage\":\"fr-FR\",\"potentialAction\":[{\"@type\":\"ReadAction\",\"target\":[\"https:\/\/www.narlot.com\/index.php\/politique-de-confidentialite-2\/\"]}]},{\"@type\":\"BreadcrumbList\",\"@id\":\"https:\/\/www.narlot.com\/index.php\/politique-de-confidentialite-2\/#breadcrumb\",\"itemListElement\":[{\"@type\":\"ListItem\",\"position\":1,\"name\":\"Accueil\",\"item\":\"https:\/\/www.narlot.com\/\"},{\"@type\":\"ListItem\",\"position\":2,\"name\":\"Politique de confidentialit\u00e9\"}]},{\"@type\":\"WebSite\",\"@id\":\"https:\/\/www.narlot.com\/#website\",\"url\":\"https:\/\/www.narlot.com\/\",\"name\":\"NARLOT\",\"description\":\"\",\"publisher\":{\"@id\":\"https:\/\/www.narlot.com\/#\/schema\/person\/02d6d5abc54942f5b4d72fe70be34dcf\"},\"potentialAction\":[{\"@type\":\"SearchAction\",\"target\":{\"@type\":\"EntryPoint\",\"urlTemplate\":\"https:\/\/www.narlot.com\/?s={search_term_string}\"},\"query-input\":{\"@type\":\"PropertyValueSpecification\",\"valueRequired\":true,\"valueName\":\"search_term_string\"}}],\"inLanguage\":\"fr-FR\"},{\"@type\":[\"Person\",\"Organization\"],\"@id\":\"https:\/\/www.narlot.com\/#\/schema\/person\/02d6d5abc54942f5b4d72fe70be34dcf\",\"name\":\"narlot\",\"image\":{\"@type\":\"ImageObject\",\"inLanguage\":\"fr-FR\",\"@id\":\"https:\/\/www.narlot.com\/#\/schema\/person\/image\/\",\"url\":\"https:\/\/www.narlot.com\/wp-content\/uploads\/2023\/09\/Logo-Marketing-Agency-Digital.-3.png\",\"contentUrl\":\"https:\/\/www.narlot.com\/wp-content\/uploads\/2023\/09\/Logo-Marketing-Agency-Digital.-3.png\",\"width\":500,\"height\":500,\"caption\":\"narlot\"},\"logo\":{\"@id\":\"https:\/\/www.narlot.com\/#\/schema\/person\/image\/\"},\"sameAs\":[\"http:\/\/www.narlot.com\"]}]}<\/script>\n<!-- \/ Yoast SEO Premium plugin. -->","yoast_head_json":{"title":"Politique de confidentialit\u00e9 - NARLOT","robots":{"index":"index","follow":"follow","max-snippet":"max-snippet:-1","max-image-preview":"max-image-preview:large","max-video-preview":"max-video-preview:-1"},"canonical":"https:\/\/www.narlot.com\/index.php\/politique-de-confidentialite-2\/","og_locale":"fr_FR","og_type":"article","og_title":"Politique de confidentialit\u00e9","og_description":"L\u2019adresse de notre site est\u00a0: https:\/\/www.narlot.com Commentaires Quand vous laissez un commentaire sur notre site, les donn\u00e9es inscrites dans le formulaire de commentaire, mais aussi votre adresse IP et l\u2019agent utilisateur de votre navigateur sont collect\u00e9s pour nous aider \u00e0 la d\u00e9tection des commentaires ind\u00e9sirables. Une cha\u00eene anonymis\u00e9e cr\u00e9\u00e9e \u00e0 partir de votre adresse e-mail...","og_url":"https:\/\/www.narlot.com\/index.php\/politique-de-confidentialite-2\/","og_site_name":"NARLOT","article_modified_time":"2025-07-03T10:42:21+00:00","twitter_card":"summary_large_image","twitter_misc":{"Dur\u00e9e de lecture estim\u00e9e":"6 minutes"},"schema":{"@context":"https:\/\/schema.org","@graph":[{"@type":"WebPage","@id":"https:\/\/www.narlot.com\/index.php\/politique-de-confidentialite-2\/","url":"https:\/\/www.narlot.com\/index.php\/politique-de-confidentialite-2\/","name":"Politique de confidentialit\u00e9 - NARLOT","isPartOf":{"@id":"https:\/\/www.narlot.com\/#website"},"datePublished":"2025-06-20T16:13:15+00:00","dateModified":"2025-07-03T10:42:21+00:00","breadcrumb":{"@id":"https:\/\/www.narlot.com\/index.php\/politique-de-confidentialite-2\/#breadcrumb"},"inLanguage":"fr-FR","potentialAction":[{"@type":"ReadAction","target":["https:\/\/www.narlot.com\/index.php\/politique-de-confidentialite-2\/"]}]},{"@type":"BreadcrumbList","@id":"https:\/\/www.narlot.com\/index.php\/politique-de-confidentialite-2\/#breadcrumb","itemListElement":[{"@type":"ListItem","position":1,"name":"Accueil","item":"https:\/\/www.narlot.com\/"},{"@type":"ListItem","position":2,"name":"Politique de confidentialit\u00e9"}]},{"@type":"WebSite","@id":"https:\/\/www.narlot.com\/#website","url":"https:\/\/www.narlot.com\/","name":"NARLOT","description":"","publisher":{"@id":"https:\/\/www.narlot.com\/#\/schema\/person\/02d6d5abc54942f5b4d72fe70be34dcf"},"potentialAction":[{"@type":"SearchAction","target":{"@type":"EntryPoint","urlTemplate":"https:\/\/www.narlot.com\/?s={search_term_string}"},"query-input":{"@type":"PropertyValueSpecification","valueRequired":true,"valueName":"search_term_string"}}],"inLanguage":"fr-FR"},{"@type":["Person","Organization"],"@id":"https:\/\/www.narlot.com\/#\/schema\/person\/02d6d5abc54942f5b4d72fe70be34dcf","name":"narlot","image":{"@type":"ImageObject","inLanguage":"fr-FR","@id":"https:\/\/www.narlot.com\/#\/schema\/person\/image\/","url":"https:\/\/www.narlot.com\/wp-content\/uploads\/2023\/09\/Logo-Marketing-Agency-Digital.-3.png","contentUrl":"https:\/\/www.narlot.com\/wp-content\/uploads\/2023\/09\/Logo-Marketing-Agency-Digital.-3.png","width":500,"height":500,"caption":"narlot"},"logo":{"@id":"https:\/\/www.narlot.com\/#\/schema\/person\/image\/"},"sameAs":["http:\/\/www.narlot.com"]}]}},"jetpack_sharing_enabled":true,"_links":{"self":[{"href":"https:\/\/www.narlot.com\/index.php\/wp-json\/wp\/v2\/pages\/32588","targetHints":{"allow":["GET"]}}],"collection":[{"href":"https:\/\/www.narlot.com\/index.php\/wp-json\/wp\/v2\/pages"}],"about":[{"href":"https:\/\/www.narlot.com\/index.php\/wp-json\/wp\/v2\/types\/page"}],"author":[{"embeddable":true,"href":"https:\/\/www.narlot.com\/index.php\/wp-json\/wp\/v2\/users\/1"}],"replies":[{"embeddable":true,"href":"https:\/\/www.narlot.com\/index.php\/wp-json\/wp\/v2\/comments?post=32588"}],"version-history":[{"count":13,"href":"https:\/\/www.narlot.com\/index.php\/wp-json\/wp\/v2\/pages\/32588\/revisions"}],"predecessor-version":[{"id":32801,"href":"https:\/\/www.narlot.com\/index.php\/wp-json\/wp\/v2\/pages\/32588\/revisions\/32801"}],"wp:attachment":[{"href":"https:\/\/www.narlot.com\/index.php\/wp-json\/wp\/v2\/media?parent=32588"}],"curies":[{"name":"wp","href":"https:\/\/api.w.org\/{rel}","templated":true}]}}